{"id":5505,"date":"2021-02-03T14:58:11","date_gmt":"2021-02-03T14:58:11","guid":{"rendered":"https:\/\/rotorbladeextension.com\/produktinformation-rotorblattverlaengerung\/"},"modified":"2021-02-22T13:44:17","modified_gmt":"2021-02-22T13:44:17","slug":"produktinformation-rotorblattverlaengerung","status":"publish","type":"page","link":"https:\/\/rotorbladeextension.com\/de\/produktinformation-rotorblattverlaengerung\/","title":{"rendered":"Produktinformation &#8211; RBE &#8211; Rotor Blade Extension"},"content":{"rendered":"\t\t<div data-elementor-type=\"wp-page\" data-elementor-id=\"5505\" class=\"elementor elementor-5505\" data-elementor-post-type=\"page\">\n\t\t\t\t\t\t\t\t\t<section class=\"elementor-section elementor-top-section elementor-element elementor-element-525d202 elementor-section-height-min-height elementor-section-boxed elementor-section-height-default elementor-section-items-middle\" data-id=\"525d202\" data-element_type=\"section\" data-settings=\"{&quot;background_background&quot;:&quot;classic&quot;}\">\n\t\t\t\t\t\t\t<div class=\"elementor-background-overlay\"><\/div>\n\t\t\t\t\t\t\t<div class=\"elementor-container elementor-column-gap-default\">\n\t\t\t\t\t<div class=\"elementor-column elementor-col-100 elementor-top-column elementor-element elementor-element-b9cd745\" data-id=\"b9cd745\" data-element_type=\"column\">\n\t\t\t<div class=\"elementor-widget-wrap elementor-element-populated\">\n\t\t\t\t\t\t\t\t\t<\/div>\n\t\t<\/div>\n\t\t\t\t\t\t\t<\/div>\n\t\t<\/section>\n\t\t\t\t<section class=\"elementor-section elementor-top-section elementor-element elementor-element-c083fd2 elementor-section-boxed elementor-section-height-default elementor-section-height-default\" data-id=\"c083fd2\" data-element_type=\"section\">\n\t\t\t\t\t\t<div class=\"elementor-container elementor-column-gap-default\">\n\t\t\t\t\t<div class=\"elementor-column elementor-col-100 elementor-top-column elementor-element elementor-element-f503ee6\" data-id=\"f503ee6\" data-element_type=\"column\">\n\t\t\t<div class=\"elementor-widget-wrap elementor-element-populated\">\n\t\t\t\t\t\t\t\t<div class=\"elementor-element elementor-element-c40556d elementor-widget elementor-widget-text-editor\" data-id=\"c40556d\" data-element_type=\"widget\" data-widget_type=\"text-editor.default\">\n\t\t\t\t<div class=\"elementor-widget-container\">\n\t\t\t\t\t\t\t<p>Die RBE \u2013 Rotor Blade Extension [Rotorblattverl\u00e4ngerung]\u00a0ist ein von <a href=\"https:\/\/www.rotorbladeextension.com\/de\/energiekontor\/\" target=\"_blank\" rel=\"noopener\">EnergieKontor<\/a> patentiertes und zertifiziertes Produkt, das die Effizienz und die j\u00e4hrliche Stromproduktion von Windkraftanlagen steigert.<\/p><p>Die RBE besteht aus einem zus\u00e4tzlichen Modulsegment, das zur Verl\u00e4ngerung der Rotorbl\u00e4tter an der bereits am Rotor befestigten Blattspitze angebracht wird. F\u00fcr ein besseres Verst\u00e4ndnis des RBE-Konzepts stehen Ihnen die <a href=\"https:\/\/www.rotorbladeextension.com\/downloads\/rotor_blade_extension_technical_specifications.pdf\" target=\"_blank\" rel=\"noopener\">technischen spezifikationen<\/a> zur Verf\u00fcgung.otor<\/p>\t\t\t\t\t\t<\/div>\n\t\t\t\t<\/div>\n\t\t\t\t<div class=\"elementor-element elementor-element-8062736 elementor-icon-list--layout-traditional elementor-list-item-link-full_width elementor-widget elementor-widget-icon-list\" data-id=\"8062736\" data-element_type=\"widget\" data-widget_type=\"icon-list.default\">\n\t\t\t\t<div class=\"elementor-widget-container\">\n\t\t\t\t\t<ul class=\"elementor-icon-list-items\">\n\t\t\t\t\t\t\t<li class=\"elementor-icon-list-item\">\n\t\t\t\t\t\t\t\t\t\t\t<a href=\"https:\/\/www.rotorbladeextension.com\/downloads\/rbe_ek_presentation_english_june_2020.pdf\" target=\"_blank\">\n\n\t\t\t\t\t\t\t\t\t\t\t\t<span class=\"elementor-icon-list-icon\">\n\t\t\t\t\t\t\t<i aria-hidden=\"true\" class=\"fas fa-file-pdf\"><\/i>\t\t\t\t\t\t<\/span>\n\t\t\t\t\t\t\t\t\t\t<span class=\"elementor-icon-list-text\">RBE Pr\u00e4sentation<\/span>\n\t\t\t\t\t\t\t\t\t\t\t<\/a>\n\t\t\t\t\t\t\t\t\t<\/li>\n\t\t\t\t\t\t<\/ul>\n\t\t\t\t<\/div>\n\t\t\t\t<\/div>\n\t\t\t\t<section class=\"elementor-section elementor-inner-section elementor-element elementor-element-2af5a2f elementor-section-boxed elementor-section-height-default elementor-section-height-default\" data-id=\"2af5a2f\" data-element_type=\"section\">\n\t\t\t\t\t\t<div class=\"elementor-container elementor-column-gap-no\">\n\t\t\t\t\t<div class=\"elementor-column elementor-col-50 elementor-inner-column elementor-element elementor-element-34c04c2\" data-id=\"34c04c2\" data-element_type=\"column\">\n\t\t\t<div class=\"elementor-widget-wrap elementor-element-populated\">\n\t\t\t\t\t\t\t\t<div class=\"elementor-element elementor-element-eeaad6d elementor-widget elementor-widget-text-editor\" data-id=\"eeaad6d\" data-element_type=\"widget\" data-widget_type=\"text-editor.default\">\n\t\t\t\t<div class=\"elementor-widget-container\">\n\t\t\t\t\t\t\t<p>Im Vergleich zur Nachr\u00fcstung eines Windparks ist die RBE-Technologie ein wirtschaftlicherer und umweltfreundlicherer Ansatz, wie man der Abhandlung von Henry Seifert (Hochschule Bremerhaven; Institut f\u00fcr Windenergie fk-wind), J\u00fcrgen Kr\u00f6ning (DEWI \u2013 OCC GmbH),\u00a0Hergen Bolte und Torsten Rotermund (Energiekontor AG) entnehmen kann:\u00a0\u201e<a href=\"https:\/\/www.rotorbladeextension.com\/downloads\/dewk_2010_paper_seifert_bolte_kroening.pdf\" target=\"_blank\" rel=\"noopener\">Verbessern statt Nachr\u00fcsten: ein technischer, \u00f6kologischer und \u00f6konomischer Ansatz<\/a>\u201c.<\/p><p>Um diese Technologie zu entwickeln, ist EnergieKontor mit anderen Firmen Partnerschaften eingegangen. F\u00fcr Informationen \u00fcber unsere Partner klicken Sie bitte auf\u00a0<a href=\"https:\/\/www.rotorbladeextension.com\/downloads\/partners_rotor_blade_extension.pdf\" target=\"_blank\" rel=\"noopener\">Partnerschaften und Zusammenarbeit<\/a><i>.<\/i><\/p>\t\t\t\t\t\t<\/div>\n\t\t\t\t<\/div>\n\t\t\t\t\t<\/div>\n\t\t<\/div>\n\t\t\t\t<div class=\"elementor-column elementor-col-50 elementor-inner-column elementor-element elementor-element-8efd07c\" data-id=\"8efd07c\" data-element_type=\"column\">\n\t\t\t<div class=\"elementor-widget-wrap elementor-element-populated\">\n\t\t\t\t\t\t\t\t<div class=\"elementor-element elementor-element-9bdcf36 elementor-widget elementor-widget-image\" data-id=\"9bdcf36\" data-element_type=\"widget\" data-widget_type=\"image.default\">\n\t\t\t\t<div class=\"elementor-widget-container\">\n\t\t\t\t\t\t\t\t\t\t\t\t\t\t\t<img decoding=\"async\" width=\"2560\" height=\"1468\" src=\"https:\/\/rotorbladeextension.com\/wp-content\/uploads\/2020\/10\/RBE-001.jpg\" class=\"attachment-full size-full wp-image-5430\" alt=\"\" loading=\"lazy\" srcset=\"https:\/\/rotorbladeextension.com\/wp-content\/uploads\/2020\/10\/RBE-001.jpg 2560w, https:\/\/rotorbladeextension.com\/wp-content\/uploads\/2020\/10\/RBE-001-300x172.jpg 300w, https:\/\/rotorbladeextension.com\/wp-content\/uploads\/2020\/10\/RBE-001-1024x587.jpg 1024w, https:\/\/rotorbladeextension.com\/wp-content\/uploads\/2020\/10\/RBE-001-768x440.jpg 768w, https:\/\/rotorbladeextension.com\/wp-content\/uploads\/2020\/10\/RBE-001-1536x881.jpg 1536w, https:\/\/rotorbladeextension.com\/wp-content\/uploads\/2020\/10\/RBE-001-2048x1174.jpg 2048w\" sizes=\"(max-width: 2560px) 100vw, 2560px\" \/>\t\t\t\t\t\t\t\t\t\t\t\t\t\t\t<\/div>\n\t\t\t\t<\/div>\n\t\t\t\t\t<\/div>\n\t\t<\/div>\n\t\t\t\t\t\t\t<\/div>\n\t\t<\/section>\n\t\t\t\t<div class=\"elementor-element elementor-element-89e4916 elementor-widget elementor-widget-spacer\" data-id=\"89e4916\" data-element_type=\"widget\" data-widget_type=\"spacer.default\">\n\t\t\t\t<div class=\"elementor-widget-container\">\n\t\t\t\t\t<div class=\"elementor-spacer\">\n\t\t\t<div class=\"elementor-spacer-inner\"><\/div>\n\t\t<\/div>\n\t\t\t\t<\/div>\n\t\t\t\t<\/div>\n\t\t\t\t<div class=\"elementor-element elementor-element-a536033 elementor-widget elementor-widget-text-editor\" data-id=\"a536033\" data-element_type=\"widget\" data-widget_type=\"text-editor.default\">\n\t\t\t\t<div class=\"elementor-widget-container\">\n\t\t\t\t\t\t\t<p>Die von EnergieKontor und unseren Partnern in deutschen und portugiesischen Windparks installierten Verl\u00e4ngerungen haben gute Ergebnisse gebracht und die Leistung erheblich gesteigert. Zwei klare Beispiele sind der <a href=\"https:\/\/www.rotorbladeextension.com\/downloads\/aep_increase_wind_farm_debstedt.pdf\" target=\"_blank\" rel=\"noopener\">Jahresbericht zur Steigerung der Stromproduktion im Windpark Debstedt<\/a>\u00a0und die Jahresberichte zur Steigerung der Stromproduktion im <a href=\"https:\/\/rotorbladeextension.com\/de\/serieninstallation-der-rotorblattverlaengerung-in-portugal-windpark-von-penedo-ruivo\/\" target=\"_blank\" rel=\"noopener\">Windpark\u00a0Penedo Ruivo<\/a>:<\/p>\t\t\t\t\t\t<\/div>\n\t\t\t\t<\/div>\n\t\t\t\t<section class=\"elementor-section elementor-inner-section elementor-element elementor-element-1e781f7 elementor-section-boxed elementor-section-height-default elementor-section-height-default\" data-id=\"1e781f7\" data-element_type=\"section\">\n\t\t\t\t\t\t<div class=\"elementor-container elementor-column-gap-default\">\n\t\t\t\t\t<div class=\"elementor-column elementor-col-33 elementor-inner-column elementor-element elementor-element-9ca1a71\" data-id=\"9ca1a71\" data-element_type=\"column\">\n\t\t\t<div class=\"elementor-widget-wrap elementor-element-populated\">\n\t\t\t\t\t\t\t\t<div class=\"elementor-element elementor-element-7266261 elementor-widget elementor-widget-text-editor\" data-id=\"7266261\" data-element_type=\"widget\" data-widget_type=\"text-editor.default\">\n\t\t\t\t<div class=\"elementor-widget-container\">\n\t\t\t\t\t\t\t<p>INEGI Bericht:<\/p><ul><li><a href=\"https:\/\/www.rotorbladeextension.com\/downloads\/power-curve-report-penedo-ruivo-wt3-ap16-ref1_225.pdf\" target=\"_blank\" rel=\"noopener\">M\u00e4rz \u2013 Juni 2015 vs. Juli \u2013 April 2016<\/a><\/li><\/ul>\t\t\t\t\t\t<\/div>\n\t\t\t\t<\/div>\n\t\t\t\t\t<\/div>\n\t\t<\/div>\n\t\t\t\t<div class=\"elementor-column elementor-col-33 elementor-inner-column elementor-element elementor-element-39ac53d\" data-id=\"39ac53d\" data-element_type=\"column\">\n\t\t\t<div class=\"elementor-widget-wrap elementor-element-populated\">\n\t\t\t\t\t\t\t\t<div class=\"elementor-element elementor-element-97c1a06 elementor-widget elementor-widget-text-editor\" data-id=\"97c1a06\" data-element_type=\"widget\" data-widget_type=\"text-editor.default\">\n\t\t\t\t<div class=\"elementor-widget-container\">\n\t\t\t\t\t\t\t<p>Windkraftanlage 2:<\/p><ul><li><b><i> <\/i><\/b><a href=\"https:\/\/www.rotorbladeextension.com\/downloads\/wtg2-calc-aep-increase-March-July-vs-August-November-2015.pdf\" target=\"_blank\" rel=\"noopener\">M\u00e4rz \u2013 Juli 2015 vs. August \u2013 November 2015<\/a><\/li><li><a href=\"https:\/\/www.rotorbladeextension.com\/downloads\/wtg2-calc-aep-increase-March-July-vs-August-December-2015.pdf\" target=\"_blank\" rel=\"noopener\">M\u00e4rz \u2013 Juli 2015 vs. August \u2013 Dezember\u00a02015<\/a><\/li><li><a href=\"https:\/\/www.rotorbladeextension.com\/downloads\/ro-1_225-wtg2_17-03-2015_22-07-2015_vs_18-08-2015_30-04-2016.pdf\" target=\"_blank\" rel=\"noopener\">M\u00e4rz \u2013 Juli 2015 vs. August \u2013 April 2016<\/a><\/li><\/ul>\t\t\t\t\t\t<\/div>\n\t\t\t\t<\/div>\n\t\t\t\t\t<\/div>\n\t\t<\/div>\n\t\t\t\t<div class=\"elementor-column elementor-col-33 elementor-inner-column elementor-element elementor-element-592e765\" data-id=\"592e765\" data-element_type=\"column\">\n\t\t\t<div class=\"elementor-widget-wrap elementor-element-populated\">\n\t\t\t\t\t\t\t\t<div class=\"elementor-element elementor-element-12015d7 elementor-widget elementor-widget-text-editor\" data-id=\"12015d7\" data-element_type=\"widget\" data-widget_type=\"text-editor.default\">\n\t\t\t\t<div class=\"elementor-widget-container\">\n\t\t\t\t\t\t\t<p>Windkraftanlage 3:<\/p><ul><li><b><i> <\/i><\/b><a href=\"https:\/\/www.rotorbladeextension.com\/downloads\/wtg3-calc-aep-increase-March-June-vs-July-November-2015.pdf\" target=\"_blank\" rel=\"noopener\">M\u00e4rz \u2013 Juni 2015 vs. Juli \u2013 November 2015<\/a><\/li><li><a href=\"https:\/\/www.rotorbladeextension.com\/downloads\/wtg3-calc-aep-increase-March-June-vs-July-December-2015.pdf\" target=\"_blank\" rel=\"noopener\">M\u00e4rz \u2013 Juni 2015 vs. Juli \u2013 Dezember\u00a02015<\/a><\/li><li><a href=\"https:\/\/www.rotorbladeextension.com\/downloads\/ro-1_225_wtg3_17-03-2015_24-06-2015_vs_17-07-2015_30-04-2016.pdf\" target=\"_blank\" rel=\"noopener\">M\u00e4rz \u2013 Juni 2015 vs. Juli \u2013 April 2016<\/a>\u00a0<\/li><\/ul>\t\t\t\t\t\t<\/div>\n\t\t\t\t<\/div>\n\t\t\t\t\t<\/div>\n\t\t<\/div>\n\t\t\t\t\t\t\t<\/div>\n\t\t<\/section>\n\t\t\t\t<div class=\"elementor-element elementor-element-a9cf9d5 elementor-widget elementor-widget-spacer\" data-id=\"a9cf9d5\" data-element_type=\"widget\" data-widget_type=\"spacer.default\">\n\t\t\t\t<div class=\"elementor-widget-container\">\n\t\t\t\t\t<div class=\"elementor-spacer\">\n\t\t\t<div class=\"elementor-spacer-inner\"><\/div>\n\t\t<\/div>\n\t\t\t\t<\/div>\n\t\t\t\t<\/div>\n\t\t\t\t<div class=\"elementor-element elementor-element-fb13e87 elementor-icon-list--layout-traditional elementor-list-item-link-full_width elementor-widget elementor-widget-icon-list\" data-id=\"fb13e87\" data-element_type=\"widget\" data-widget_type=\"icon-list.default\">\n\t\t\t\t<div class=\"elementor-widget-container\">\n\t\t\t\t\t<ul class=\"elementor-icon-list-items\">\n\t\t\t\t\t\t\t<li class=\"elementor-icon-list-item\">\n\t\t\t\t\t\t\t\t\t\t\t<a href=\"https:\/\/rotorbladeextension.com\/de\/zusammenfassung-der-ueberwachungsmassnahmen-in-der-zeit-nach-der-anwendung-der-rotorblattverlaengerung\/\" target=\"_blank\">\n\n\t\t\t\t\t\t\t\t\t\t\t\t<span class=\"elementor-icon-list-icon\">\n\t\t\t\t\t\t\t<i aria-hidden=\"true\" class=\"far fa-clipboard\"><\/i>\t\t\t\t\t\t<\/span>\n\t\t\t\t\t\t\t\t\t\t<span class=\"elementor-icon-list-text\">Schlussfolgerungen nach der von INEGI durchgef\u00fchrten \u00dcberwachungsaufgabe<\/span>\n\t\t\t\t\t\t\t\t\t\t\t<\/a>\n\t\t\t\t\t\t\t\t\t<\/li>\n\t\t\t\t\t\t\t\t<li class=\"elementor-icon-list-item\">\n\t\t\t\t\t\t\t\t\t\t\t<a href=\"https:\/\/rotorbladeextension.com\/de\/vorteile-der-rotorblattverlaengerung\/\" target=\"_blank\">\n\n\t\t\t\t\t\t\t\t\t\t\t\t<span class=\"elementor-icon-list-icon\">\n\t\t\t\t\t\t\t<i aria-hidden=\"true\" class=\"far fa-chart-bar\"><\/i>\t\t\t\t\t\t<\/span>\n\t\t\t\t\t\t\t\t\t\t<span class=\"elementor-icon-list-text\">Weitere Informationen zum RBE-Produkt<\/span>\n\t\t\t\t\t\t\t\t\t\t\t<\/a>\n\t\t\t\t\t\t\t\t\t<\/li>\n\t\t\t\t\t\t<\/ul>\n\t\t\t\t<\/div>\n\t\t\t\t<\/div>\n\t\t\t\t\t<\/div>\n\t\t<\/div>\n\t\t\t\t\t\t\t<\/div>\n\t\t<\/section>\n\t\t\t\t\t\t\t<\/div>\n\t\t","protected":false},"excerpt":{"rendered":"<p>Die RBE \u2013 Rotor Blade Extension [Rotorblattverl\u00e4ngerung]\u00a0ist ein von EnergieKontor patentiertes und zertifiziertes Produkt, das die Effizienz und die j\u00e4hrliche Stromproduktion von Windkraftanlagen steigert. Die RBE besteht aus einem zus\u00e4tzlichen Modulsegment, das zur Verl\u00e4ngerung der Rotorbl\u00e4tter an der bereits am Rotor befestigten Blattspitze angebracht wird. F\u00fcr ein besseres Verst\u00e4ndnis des RBE-Konzepts stehen Ihnen die technischen [&hellip;]<\/p>\n","protected":false},"author":1,"featured_media":0,"parent":0,"menu_order":0,"comment_status":"closed","ping_status":"closed","template":"elementor_header_footer","meta":[],"yoast_head":"<!-- This site is optimized with the Yoast SEO plugin v21.5 - https:\/\/yoast.com\/wordpress\/plugins\/seo\/ -->\n<title>Produktinformation - RBE - Rotor Blade Extension<\/title>\n<meta name=\"robots\" content=\"index, follow, max-snippet:-1, max-image-preview:large, max-video-preview:-1\" \/>\n<link rel=\"canonical\" href=\"https:\/\/rotorbladeextension.com\/de\/produktinformation-rotorblattverlaengerung\/\" \/>\n<meta property=\"og:locale\" content=\"de_DE\" \/>\n<meta property=\"og:type\" content=\"article\" \/>\n<meta property=\"og:title\" content=\"Produktinformation - RBE - Rotor Blade Extension\" \/>\n<meta property=\"og:description\" content=\"Die RBE \u2013 Rotor Blade Extension [Rotorblattverl\u00e4ngerung]\u00a0ist ein von EnergieKontor patentiertes und zertifiziertes Produkt, das die Effizienz und die j\u00e4hrliche Stromproduktion von Windkraftanlagen steigert. Die RBE besteht aus einem zus\u00e4tzlichen Modulsegment, das zur Verl\u00e4ngerung der Rotorbl\u00e4tter an der bereits am Rotor befestigten Blattspitze angebracht wird. F\u00fcr ein besseres Verst\u00e4ndnis des RBE-Konzepts stehen Ihnen die technischen [&hellip;]\" \/>\n<meta property=\"og:url\" content=\"https:\/\/rotorbladeextension.com\/de\/produktinformation-rotorblattverlaengerung\/\" \/>\n<meta property=\"og:site_name\" content=\"Rotor Blade Extension\" \/>\n<meta property=\"article:modified_time\" content=\"2021-02-22T13:44:17+00:00\" \/>\n<meta property=\"og:image\" content=\"https:\/\/rotorbladeextension.com\/wp-content\/uploads\/2020\/10\/RBE-001.jpg\" \/>\n<meta name=\"twitter:card\" content=\"summary_large_image\" \/>\n<meta name=\"twitter:label1\" content=\"Gesch\u00e4tzte Lesezeit\" \/>\n\t<meta name=\"twitter:data1\" content=\"2\u00a0Minuten\" \/>\n<script type=\"application\/ld+json\" class=\"yoast-schema-graph\">{\"@context\":\"https:\/\/schema.org\",\"@graph\":[{\"@type\":\"WebPage\",\"@id\":\"https:\/\/rotorbladeextension.com\/de\/produktinformation-rotorblattverlaengerung\/\",\"url\":\"https:\/\/rotorbladeextension.com\/de\/produktinformation-rotorblattverlaengerung\/\",\"name\":\"Produktinformation - RBE - Rotor Blade Extension\",\"isPartOf\":{\"@id\":\"https:\/\/rotorbladeextension.com\/de\/#website\"},\"datePublished\":\"2021-02-03T14:58:11+00:00\",\"dateModified\":\"2021-02-22T13:44:17+00:00\",\"breadcrumb\":{\"@id\":\"https:\/\/rotorbladeextension.com\/de\/produktinformation-rotorblattverlaengerung\/#breadcrumb\"},\"inLanguage\":\"de\",\"potentialAction\":[{\"@type\":\"ReadAction\",\"target\":[\"https:\/\/rotorbladeextension.com\/de\/produktinformation-rotorblattverlaengerung\/\"]}]},{\"@type\":\"BreadcrumbList\",\"@id\":\"https:\/\/rotorbladeextension.com\/de\/produktinformation-rotorblattverlaengerung\/#breadcrumb\",\"itemListElement\":[{\"@type\":\"ListItem\",\"position\":1,\"name\":\"Home\",\"item\":\"https:\/\/rotorbladeextension.com\/de\/\"},{\"@type\":\"ListItem\",\"position\":2,\"name\":\"Produktinformation &#8211; RBE &#8211; Rotor Blade Extension\"}]},{\"@type\":\"WebSite\",\"@id\":\"https:\/\/rotorbladeextension.com\/de\/#website\",\"url\":\"https:\/\/rotorbladeextension.com\/de\/\",\"name\":\"Rotor Blade Extension\",\"description\":\"EnergieKontor Rotor Blade Extension\",\"publisher\":{\"@id\":\"https:\/\/rotorbladeextension.com\/de\/#organization\"},\"potentialAction\":[{\"@type\":\"SearchAction\",\"target\":{\"@type\":\"EntryPoint\",\"urlTemplate\":\"https:\/\/rotorbladeextension.com\/de\/?s={search_term_string}\"},\"query-input\":\"required name=search_term_string\"}],\"inLanguage\":\"de\"},{\"@type\":\"Organization\",\"@id\":\"https:\/\/rotorbladeextension.com\/de\/#organization\",\"name\":\"Rotor Blade Extension\",\"url\":\"https:\/\/rotorbladeextension.com\/de\/\",\"logo\":{\"@type\":\"ImageObject\",\"inLanguage\":\"de\",\"@id\":\"https:\/\/rotorbladeextension.com\/de\/#\/schema\/logo\/image\/\",\"url\":\"https:\/\/rotorbladeextension.com\/wp-content\/uploads\/2020\/11\/RBE_EnergieKontor.png\",\"contentUrl\":\"https:\/\/rotorbladeextension.com\/wp-content\/uploads\/2020\/11\/RBE_EnergieKontor.png\",\"width\":1343,\"height\":639,\"caption\":\"Rotor Blade Extension\"},\"image\":{\"@id\":\"https:\/\/rotorbladeextension.com\/de\/#\/schema\/logo\/image\/\"}}]}<\/script>\n<!-- \/ Yoast SEO plugin. -->","yoast_head_json":{"title":"Produktinformation - RBE - Rotor Blade Extension","robots":{"index":"index","follow":"follow","max-snippet":"max-snippet:-1","max-image-preview":"max-image-preview:large","max-video-preview":"max-video-preview:-1"},"canonical":"https:\/\/rotorbladeextension.com\/de\/produktinformation-rotorblattverlaengerung\/","og_locale":"de_DE","og_type":"article","og_title":"Produktinformation - RBE - Rotor Blade Extension","og_description":"Die RBE \u2013 Rotor Blade Extension [Rotorblattverl\u00e4ngerung]\u00a0ist ein von EnergieKontor patentiertes und zertifiziertes Produkt, das die Effizienz und die j\u00e4hrliche Stromproduktion von Windkraftanlagen steigert. Die RBE besteht aus einem zus\u00e4tzlichen Modulsegment, das zur Verl\u00e4ngerung der Rotorbl\u00e4tter an der bereits am Rotor befestigten Blattspitze angebracht wird. F\u00fcr ein besseres Verst\u00e4ndnis des RBE-Konzepts stehen Ihnen die technischen [&hellip;]","og_url":"https:\/\/rotorbladeextension.com\/de\/produktinformation-rotorblattverlaengerung\/","og_site_name":"Rotor Blade Extension","article_modified_time":"2021-02-22T13:44:17+00:00","og_image":[{"url":"https:\/\/rotorbladeextension.com\/wp-content\/uploads\/2020\/10\/RBE-001.jpg"}],"twitter_card":"summary_large_image","twitter_misc":{"Gesch\u00e4tzte Lesezeit":"2\u00a0Minuten"},"schema":{"@context":"https:\/\/schema.org","@graph":[{"@type":"WebPage","@id":"https:\/\/rotorbladeextension.com\/de\/produktinformation-rotorblattverlaengerung\/","url":"https:\/\/rotorbladeextension.com\/de\/produktinformation-rotorblattverlaengerung\/","name":"Produktinformation - RBE - Rotor Blade Extension","isPartOf":{"@id":"https:\/\/rotorbladeextension.com\/de\/#website"},"datePublished":"2021-02-03T14:58:11+00:00","dateModified":"2021-02-22T13:44:17+00:00","breadcrumb":{"@id":"https:\/\/rotorbladeextension.com\/de\/produktinformation-rotorblattverlaengerung\/#breadcrumb"},"inLanguage":"de","potentialAction":[{"@type":"ReadAction","target":["https:\/\/rotorbladeextension.com\/de\/produktinformation-rotorblattverlaengerung\/"]}]},{"@type":"BreadcrumbList","@id":"https:\/\/rotorbladeextension.com\/de\/produktinformation-rotorblattverlaengerung\/#breadcrumb","itemListElement":[{"@type":"ListItem","position":1,"name":"Home","item":"https:\/\/rotorbladeextension.com\/de\/"},{"@type":"ListItem","position":2,"name":"Produktinformation &#8211; RBE &#8211; Rotor Blade Extension"}]},{"@type":"WebSite","@id":"https:\/\/rotorbladeextension.com\/de\/#website","url":"https:\/\/rotorbladeextension.com\/de\/","name":"Rotor Blade Extension","description":"EnergieKontor Rotor Blade Extension","publisher":{"@id":"https:\/\/rotorbladeextension.com\/de\/#organization"},"potentialAction":[{"@type":"SearchAction","target":{"@type":"EntryPoint","urlTemplate":"https:\/\/rotorbladeextension.com\/de\/?s={search_term_string}"},"query-input":"required name=search_term_string"}],"inLanguage":"de"},{"@type":"Organization","@id":"https:\/\/rotorbladeextension.com\/de\/#organization","name":"Rotor Blade Extension","url":"https:\/\/rotorbladeextension.com\/de\/","logo":{"@type":"ImageObject","inLanguage":"de","@id":"https:\/\/rotorbladeextension.com\/de\/#\/schema\/logo\/image\/","url":"https:\/\/rotorbladeextension.com\/wp-content\/uploads\/2020\/11\/RBE_EnergieKontor.png","contentUrl":"https:\/\/rotorbladeextension.com\/wp-content\/uploads\/2020\/11\/RBE_EnergieKontor.png","width":1343,"height":639,"caption":"Rotor Blade Extension"},"image":{"@id":"https:\/\/rotorbladeextension.com\/de\/#\/schema\/logo\/image\/"}}]}},"_links":{"self":[{"href":"https:\/\/rotorbladeextension.com\/de\/wp-json\/wp\/v2\/pages\/5505"}],"collection":[{"href":"https:\/\/rotorbladeextension.com\/de\/wp-json\/wp\/v2\/pages"}],"about":[{"href":"https:\/\/rotorbladeextension.com\/de\/wp-json\/wp\/v2\/types\/page"}],"author":[{"embeddable":true,"href":"https:\/\/rotorbladeextension.com\/de\/wp-json\/wp\/v2\/users\/1"}],"replies":[{"embeddable":true,"href":"https:\/\/rotorbladeextension.com\/de\/wp-json\/wp\/v2\/comments?post=5505"}],"version-history":[{"count":58,"href":"https:\/\/rotorbladeextension.com\/de\/wp-json\/wp\/v2\/pages\/5505\/revisions"}],"predecessor-version":[{"id":9885,"href":"https:\/\/rotorbladeextension.com\/de\/wp-json\/wp\/v2\/pages\/5505\/revisions\/9885"}],"wp:attachment":[{"href":"https:\/\/rotorbladeextension.com\/de\/wp-json\/wp\/v2\/media?parent=5505"}],"curies":[{"name":"wp","href":"https:\/\/api.w.org\/{rel}","templated":true}]}}