{"id":5511,"date":"2021-02-03T15:09:45","date_gmt":"2021-02-03T15:09:45","guid":{"rendered":"https:\/\/rotorbladeextension.com\/rotor-blade-extension-aep-increase\/"},"modified":"2021-02-18T14:17:17","modified_gmt":"2021-02-18T14:17:17","slug":"rotor-blade-extension-aep-increase","status":"publish","type":"page","link":"https:\/\/rotorbladeextension.com\/de\/","title":{"rendered":"Rotor Blade Extension AEP Increase"},"content":{"rendered":"\t\t<div data-elementor-type=\"wp-page\" data-elementor-id=\"5511\" class=\"elementor elementor-5511\" data-elementor-post-type=\"page\">\n\t\t\t\t\t\t\t\t\t<section class=\"elementor-section elementor-top-section elementor-element elementor-element-39bca41 elementor-section-boxed elementor-section-height-default elementor-section-height-default\" data-id=\"39bca41\" data-element_type=\"section\">\n\t\t\t\t\t\t<div class=\"elementor-container elementor-column-gap-no\">\n\t\t\t\t\t<div class=\"elementor-column elementor-col-100 elementor-top-column elementor-element elementor-element-c2694bf\" data-id=\"c2694bf\" data-element_type=\"column\">\n\t\t\t<div class=\"elementor-widget-wrap elementor-element-populated\">\n\t\t\t\t\t\t\t\t<div class=\"elementor-element elementor-element-e333669 elementor--h-position-center elementor--v-position-middle elementor-arrows-position-inside elementor-pagination-position-inside elementor-widget elementor-widget-slides\" data-id=\"e333669\" data-element_type=\"widget\" data-settings=\"{&quot;navigation&quot;:&quot;both&quot;,&quot;autoplay&quot;:&quot;yes&quot;,&quot;pause_on_hover&quot;:&quot;yes&quot;,&quot;pause_on_interaction&quot;:&quot;yes&quot;,&quot;autoplay_speed&quot;:5000,&quot;infinite&quot;:&quot;yes&quot;,&quot;transition&quot;:&quot;slide&quot;,&quot;transition_speed&quot;:500}\" data-widget_type=\"slides.default\">\n\t\t\t\t<div class=\"elementor-widget-container\">\n\t\t\t\t\t<div class=\"elementor-swiper\">\n\t\t\t<div class=\"elementor-slides-wrapper elementor-main-swiper swiper-container\" dir=\"ltr\" data-animation=\"fadeInUp\">\n\t\t\t\t<div class=\"swiper-wrapper elementor-slides\">\n\t\t\t\t\t\t\t\t\t\t<div class=\"elementor-repeater-item-20f1d74 swiper-slide\"><div class=\"swiper-slide-bg\" role=\"img\"><\/div><div class=\"swiper-slide-inner\" ><div class=\"swiper-slide-contents\"><div class=\"elementor-slide-heading\">AEP erh\u00f6hen<\/div><\/div><\/div><\/div><div class=\"elementor-repeater-item-0cc778a swiper-slide\"><div class=\"swiper-slide-bg\" role=\"img\"><\/div><div class=\"swiper-slide-inner\" ><div class=\"swiper-slide-contents\"><div class=\"elementor-slide-heading\">3 Jahre Kapitalrendite<\/div><\/div><\/div><\/div><div class=\"elementor-repeater-item-0f5b940 swiper-slide\"><div class=\"swiper-slide-bg\" role=\"img\"><\/div><div class=\"swiper-slide-inner\" ><div class=\"swiper-slide-contents\"><div class=\"elementor-slide-heading\">Patentiert und zertifiziert<\/div><\/div><\/div><\/div><div class=\"elementor-repeater-item-86404dc swiper-slide\"><div class=\"swiper-slide-bg\" role=\"img\"><\/div><div class=\"swiper-slide-inner\" ><div class=\"swiper-slide-contents\"><div class=\"elementor-slide-heading\">Installation an einer h\u00e4ngenden Klinge<\/div><\/div><\/div><\/div><div class=\"elementor-repeater-item-6f0b564 swiper-slide\"><div class=\"swiper-slide-bg\" role=\"img\"><\/div><div class=\"swiper-slide-inner\" ><div class=\"swiper-slide-contents\"><div class=\"elementor-slide-heading\">Schnelle Installation<\/div><\/div><\/div><\/div>\t\t\t\t<\/div>\n\t\t\t\t\t\t\t\t\t\t\t\t\t\t\t<div class=\"swiper-pagination\"><\/div>\n\t\t\t\t\t\t\t\t\t\t\t\t\t\t\t\t<div class=\"elementor-swiper-button elementor-swiper-button-prev\" role=\"button\" tabindex=\"0\">\n\t\t\t\t\t\t\t<i aria-hidden=\"true\" class=\"eicon-chevron-left\"><\/i>\t\t\t\t\t\t\t<span class=\"elementor-screen-only\">Previous slide<\/span>\n\t\t\t\t\t\t<\/div>\n\t\t\t\t\t\t<div class=\"elementor-swiper-button elementor-swiper-button-next\" role=\"button\" tabindex=\"0\">\n\t\t\t\t\t\t\t<i aria-hidden=\"true\" class=\"eicon-chevron-right\"><\/i>\t\t\t\t\t\t\t<span class=\"elementor-screen-only\">Next slide<\/span>\n\t\t\t\t\t\t<\/div>\n\t\t\t\t\t\t\t\t\t\t\t\t<\/div>\n\t\t<\/div>\n\t\t\t\t<\/div>\n\t\t\t\t<\/div>\n\t\t\t\t<section class=\"elementor-section elementor-inner-section elementor-element elementor-element-eeeb781 elementor-section-boxed elementor-section-height-default elementor-section-height-default\" data-id=\"eeeb781\" data-element_type=\"section\">\n\t\t\t\t\t\t<div class=\"elementor-container elementor-column-gap-default\">\n\t\t\t\t\t<div class=\"elementor-column elementor-col-33 elementor-inner-column elementor-element elementor-element-896de46\" data-id=\"896de46\" data-element_type=\"column\" data-settings=\"{&quot;background_background&quot;:&quot;classic&quot;}\">\n\t\t\t<div class=\"elementor-widget-wrap elementor-element-populated\">\n\t\t\t\t\t\t\t\t<div class=\"elementor-element elementor-element-74d33c2 elementor-widget elementor-widget-heading\" data-id=\"74d33c2\" data-element_type=\"widget\" data-widget_type=\"heading.default\">\n\t\t\t\t<div class=\"elementor-widget-container\">\n\t\t\t<h2 class=\"elementor-heading-title elementor-size-default\">3 Jahre Kapitalrendite<\/h2>\t\t<\/div>\n\t\t\t\t<\/div>\n\t\t\t\t<div class=\"elementor-element elementor-element-e2081b4 elementor-align-center elementor-widget elementor-widget-button\" data-id=\"e2081b4\" data-element_type=\"widget\" data-widget_type=\"button.default\">\n\t\t\t\t<div class=\"elementor-widget-container\">\n\t\t\t\t\t<div class=\"elementor-button-wrapper\">\n\t\t\t<a class=\"elementor-button elementor-button-link elementor-size-xs\" href=\"https:\/\/rotorbladeextension.com\/de\/vorteile-der-rotorblattverlaengerung\/\" target=\"_blank\">\n\t\t\t\t\t\t<span class=\"elementor-button-content-wrapper\">\n\t\t\t\t\t\t<span class=\"elementor-button-text\">Weiterlesen<\/span>\n\t\t<\/span>\n\t\t\t\t\t<\/a>\n\t\t<\/div>\n\t\t\t\t<\/div>\n\t\t\t\t<\/div>\n\t\t\t\t\t<\/div>\n\t\t<\/div>\n\t\t\t\t<div class=\"elementor-column elementor-col-33 elementor-inner-column elementor-element elementor-element-6778aab\" data-id=\"6778aab\" data-element_type=\"column\" data-settings=\"{&quot;background_background&quot;:&quot;classic&quot;}\">\n\t\t\t<div class=\"elementor-widget-wrap elementor-element-populated\">\n\t\t\t\t\t\t\t\t<div class=\"elementor-element elementor-element-04238b5 elementor-widget elementor-widget-heading\" data-id=\"04238b5\" data-element_type=\"widget\" data-widget_type=\"heading.default\">\n\t\t\t\t<div class=\"elementor-widget-container\">\n\t\t\t<h2 class=\"elementor-heading-title elementor-size-default\">Bietet AEP-Erh\u00f6hung<\/h2>\t\t<\/div>\n\t\t\t\t<\/div>\n\t\t\t\t<div class=\"elementor-element elementor-element-fcd1ec7 elementor-align-center elementor-widget elementor-widget-button\" data-id=\"fcd1ec7\" data-element_type=\"widget\" data-widget_type=\"button.default\">\n\t\t\t\t<div class=\"elementor-widget-container\">\n\t\t\t\t\t<div class=\"elementor-button-wrapper\">\n\t\t\t<a class=\"elementor-button elementor-button-link elementor-size-xs\" href=\"https:\/\/rotorbladeextension.com\/de\/auswirkungen-der-rotorblattverlaengerung-auf-die-jaehrliche-stromproduktion-eines-windparks\/\" target=\"_blank\">\n\t\t\t\t\t\t<span class=\"elementor-button-content-wrapper\">\n\t\t\t\t\t\t<span class=\"elementor-button-text\">Weiterlesen<\/span>\n\t\t<\/span>\n\t\t\t\t\t<\/a>\n\t\t<\/div>\n\t\t\t\t<\/div>\n\t\t\t\t<\/div>\n\t\t\t\t\t<\/div>\n\t\t<\/div>\n\t\t\t\t<div class=\"elementor-column elementor-col-33 elementor-inner-column elementor-element elementor-element-dc059c9\" data-id=\"dc059c9\" data-element_type=\"column\" data-settings=\"{&quot;background_background&quot;:&quot;classic&quot;}\">\n\t\t\t<div class=\"elementor-widget-wrap elementor-element-populated\">\n\t\t\t\t\t\t\t\t<div class=\"elementor-element elementor-element-6c70c45 elementor-widget elementor-widget-heading\" data-id=\"6c70c45\" data-element_type=\"widget\" data-widget_type=\"heading.default\">\n\t\t\t\t<div class=\"elementor-widget-container\">\n\t\t\t<h2 class=\"elementor-heading-title elementor-size-default\">Patentiert und zertifiziert<\/h2>\t\t<\/div>\n\t\t\t\t<\/div>\n\t\t\t\t<div class=\"elementor-element elementor-element-dcf8a01 elementor-align-center elementor-widget elementor-widget-button\" data-id=\"dcf8a01\" data-element_type=\"widget\" data-widget_type=\"button.default\">\n\t\t\t\t<div class=\"elementor-widget-container\">\n\t\t\t\t\t<div class=\"elementor-button-wrapper\">\n\t\t\t<a class=\"elementor-button elementor-button-link elementor-size-xs\" href=\"https:\/\/rotorbladeextension.com\/de\/richtlinien-fuer-das-zertifizierungs-und-genehmigungsverfahren-vor-der-rbe-installation\/\" target=\"_blank\">\n\t\t\t\t\t\t<span class=\"elementor-button-content-wrapper\">\n\t\t\t\t\t\t<span class=\"elementor-button-text\">Weiterlesen<\/span>\n\t\t<\/span>\n\t\t\t\t\t<\/a>\n\t\t<\/div>\n\t\t\t\t<\/div>\n\t\t\t\t<\/div>\n\t\t\t\t\t<\/div>\n\t\t<\/div>\n\t\t\t\t\t\t\t<\/div>\n\t\t<\/section>\n\t\t\t\t<section class=\"elementor-section elementor-inner-section elementor-element elementor-element-d450ef2 elementor-section-boxed elementor-section-height-default elementor-section-height-default\" data-id=\"d450ef2\" data-element_type=\"section\">\n\t\t\t\t\t\t<div class=\"elementor-container elementor-column-gap-default\">\n\t\t\t\t\t<div class=\"elementor-column elementor-col-100 elementor-inner-column elementor-element elementor-element-f173e51\" data-id=\"f173e51\" data-element_type=\"column\">\n\t\t\t<div class=\"elementor-widget-wrap elementor-element-populated\">\n\t\t\t\t\t\t\t\t<div class=\"elementor-element elementor-element-07cbddc elementor-widget elementor-widget-heading\" data-id=\"07cbddc\" data-element_type=\"widget\" data-widget_type=\"heading.default\">\n\t\t\t\t<div class=\"elementor-widget-container\">\n\t\t\t<h2 class=\"elementor-heading-title elementor-size-default\">RBE \u2013 Rotor Blade Extension <\/h2>\t\t<\/div>\n\t\t\t\t<\/div>\n\t\t\t\t<div class=\"elementor-element elementor-element-b2ae324 elementor-widget elementor-widget-heading\" data-id=\"b2ae324\" data-element_type=\"widget\" data-widget_type=\"heading.default\">\n\t\t\t\t<div class=\"elementor-widget-container\">\n\t\t\t<h4 class=\"elementor-heading-title elementor-size-default\">Der beste Weg die Leistung Ihres Windparks zu erh\u00f6hen.<\/h4>\t\t<\/div>\n\t\t\t\t<\/div>\n\t\t\t\t<div class=\"elementor-element elementor-element-65b19b9 elementor-widget elementor-widget-text-editor\" data-id=\"65b19b9\" data-element_type=\"widget\" data-widget_type=\"text-editor.default\">\n\t\t\t\t<div class=\"elementor-widget-container\">\n\t\t\t\t\t\t\t<p>Bietet Mehrertrag. Knapp 3 Jahre Armortisationszeit. Patentiert &amp; Zertifiziert<\/p><p>Montage am h\u00e4ngenden Rotorblatt. Schnelle Montage<\/p>\t\t\t\t\t\t<\/div>\n\t\t\t\t<\/div>\n\t\t\t\t\t<\/div>\n\t\t<\/div>\n\t\t\t\t\t\t\t<\/div>\n\t\t<\/section>\n\t\t\t\t\t<\/div>\n\t\t<\/div>\n\t\t\t\t\t\t\t<\/div>\n\t\t<\/section>\n\t\t\t\t\t\t\t<\/div>\n\t\t","protected":false},"excerpt":{"rendered":"<p>AEP erh\u00f6hen3 Jahre KapitalrenditePatentiert und zertifiziertInstallation an einer h\u00e4ngenden KlingeSchnelle Installation Previous Next 3 Jahre Kapitalrendite Weiterlesen Bietet AEP-Erh\u00f6hung Weiterlesen Patentiert und zertifiziert Weiterlesen RBE \u2013 Rotor Blade Extension Der beste Weg die Leistung Ihres Windparks zu erh\u00f6hen. Bietet Mehrertrag. Knapp 3 Jahre Armortisationszeit. Patentiert &amp; Zertifiziert Montage am h\u00e4ngenden Rotorblatt. Schnelle Montage<\/p>\n","protected":false},"author":1,"featured_media":0,"parent":0,"menu_order":0,"comment_status":"closed","ping_status":"closed","template":"","meta":[],"yoast_head":"<!-- This site is optimized with the Yoast SEO plugin v21.5 - https:\/\/yoast.com\/wordpress\/plugins\/seo\/ -->\n<title>Rotor Blade Extension AEP Increase - Rotor Blade Extension<\/title>\n<meta name=\"robots\" content=\"index, follow, max-snippet:-1, max-image-preview:large, max-video-preview:-1\" \/>\n<link rel=\"canonical\" href=\"https:\/\/rotorbladeextension.com\/de\/\" \/>\n<meta property=\"og:locale\" content=\"de_DE\" \/>\n<meta property=\"og:type\" content=\"article\" \/>\n<meta property=\"og:title\" content=\"Rotor Blade Extension AEP Increase - Rotor Blade Extension\" \/>\n<meta property=\"og:description\" content=\"AEP erh\u00f6hen3 Jahre KapitalrenditePatentiert und zertifiziertInstallation an einer h\u00e4ngenden KlingeSchnelle Installation Previous Next 3 Jahre Kapitalrendite Weiterlesen Bietet AEP-Erh\u00f6hung Weiterlesen Patentiert und zertifiziert Weiterlesen RBE \u2013 Rotor Blade Extension Der beste Weg die Leistung Ihres Windparks zu erh\u00f6hen. Bietet Mehrertrag. Knapp 3 Jahre Armortisationszeit. Patentiert &amp; Zertifiziert Montage am h\u00e4ngenden Rotorblatt. Schnelle Montage\" \/>\n<meta property=\"og:url\" content=\"https:\/\/rotorbladeextension.com\/de\/\" \/>\n<meta property=\"og:site_name\" content=\"Rotor Blade Extension\" \/>\n<meta property=\"article:modified_time\" content=\"2021-02-18T14:17:17+00:00\" \/>\n<meta name=\"twitter:card\" content=\"summary_large_image\" \/>\n<meta name=\"twitter:label1\" content=\"Gesch\u00e4tzte Lesezeit\" \/>\n\t<meta name=\"twitter:data1\" content=\"1\u00a0Minute\" \/>\n<script type=\"application\/ld+json\" class=\"yoast-schema-graph\">{\"@context\":\"https:\/\/schema.org\",\"@graph\":[{\"@type\":\"WebPage\",\"@id\":\"https:\/\/rotorbladeextension.com\/de\/\",\"url\":\"https:\/\/rotorbladeextension.com\/de\/\",\"name\":\"Rotor Blade Extension AEP Increase - Rotor Blade Extension\",\"isPartOf\":{\"@id\":\"https:\/\/rotorbladeextension.com\/de\/#website\"},\"datePublished\":\"2021-02-03T15:09:45+00:00\",\"dateModified\":\"2021-02-18T14:17:17+00:00\",\"breadcrumb\":{\"@id\":\"https:\/\/rotorbladeextension.com\/de\/#breadcrumb\"},\"inLanguage\":\"de\",\"potentialAction\":[{\"@type\":\"ReadAction\",\"target\":[\"https:\/\/rotorbladeextension.com\/de\/\"]}]},{\"@type\":\"BreadcrumbList\",\"@id\":\"https:\/\/rotorbladeextension.com\/de\/#breadcrumb\",\"itemListElement\":[{\"@type\":\"ListItem\",\"position\":1,\"name\":\"Home\",\"item\":\"https:\/\/rotorbladeextension.com\/de\/\"},{\"@type\":\"ListItem\",\"position\":2,\"name\":\"Rotor Blade Extension AEP Increase\"}]},{\"@type\":\"WebSite\",\"@id\":\"https:\/\/rotorbladeextension.com\/de\/#website\",\"url\":\"https:\/\/rotorbladeextension.com\/de\/\",\"name\":\"Rotor Blade Extension\",\"description\":\"EnergieKontor Rotor Blade Extension\",\"publisher\":{\"@id\":\"https:\/\/rotorbladeextension.com\/de\/#organization\"},\"potentialAction\":[{\"@type\":\"SearchAction\",\"target\":{\"@type\":\"EntryPoint\",\"urlTemplate\":\"https:\/\/rotorbladeextension.com\/de\/?s={search_term_string}\"},\"query-input\":\"required name=search_term_string\"}],\"inLanguage\":\"de\"},{\"@type\":\"Organization\",\"@id\":\"https:\/\/rotorbladeextension.com\/de\/#organization\",\"name\":\"Rotor Blade Extension\",\"url\":\"https:\/\/rotorbladeextension.com\/de\/\",\"logo\":{\"@type\":\"ImageObject\",\"inLanguage\":\"de\",\"@id\":\"https:\/\/rotorbladeextension.com\/de\/#\/schema\/logo\/image\/\",\"url\":\"https:\/\/rotorbladeextension.com\/wp-content\/uploads\/2020\/11\/RBE_EnergieKontor.png\",\"contentUrl\":\"https:\/\/rotorbladeextension.com\/wp-content\/uploads\/2020\/11\/RBE_EnergieKontor.png\",\"width\":1343,\"height\":639,\"caption\":\"Rotor Blade Extension\"},\"image\":{\"@id\":\"https:\/\/rotorbladeextension.com\/de\/#\/schema\/logo\/image\/\"}}]}<\/script>\n<!-- \/ Yoast SEO plugin. -->","yoast_head_json":{"title":"Rotor Blade Extension AEP Increase - Rotor Blade Extension","robots":{"index":"index","follow":"follow","max-snippet":"max-snippet:-1","max-image-preview":"max-image-preview:large","max-video-preview":"max-video-preview:-1"},"canonical":"https:\/\/rotorbladeextension.com\/de\/","og_locale":"de_DE","og_type":"article","og_title":"Rotor Blade Extension AEP Increase - Rotor Blade Extension","og_description":"AEP erh\u00f6hen3 Jahre KapitalrenditePatentiert und zertifiziertInstallation an einer h\u00e4ngenden KlingeSchnelle Installation Previous Next 3 Jahre Kapitalrendite Weiterlesen Bietet AEP-Erh\u00f6hung Weiterlesen Patentiert und zertifiziert Weiterlesen RBE \u2013 Rotor Blade Extension Der beste Weg die Leistung Ihres Windparks zu erh\u00f6hen. Bietet Mehrertrag. Knapp 3 Jahre Armortisationszeit. Patentiert &amp; Zertifiziert Montage am h\u00e4ngenden Rotorblatt. Schnelle Montage","og_url":"https:\/\/rotorbladeextension.com\/de\/","og_site_name":"Rotor Blade Extension","article_modified_time":"2021-02-18T14:17:17+00:00","twitter_card":"summary_large_image","twitter_misc":{"Gesch\u00e4tzte Lesezeit":"1\u00a0Minute"},"schema":{"@context":"https:\/\/schema.org","@graph":[{"@type":"WebPage","@id":"https:\/\/rotorbladeextension.com\/de\/","url":"https:\/\/rotorbladeextension.com\/de\/","name":"Rotor Blade Extension AEP Increase - Rotor Blade Extension","isPartOf":{"@id":"https:\/\/rotorbladeextension.com\/de\/#website"},"datePublished":"2021-02-03T15:09:45+00:00","dateModified":"2021-02-18T14:17:17+00:00","breadcrumb":{"@id":"https:\/\/rotorbladeextension.com\/de\/#breadcrumb"},"inLanguage":"de","potentialAction":[{"@type":"ReadAction","target":["https:\/\/rotorbladeextension.com\/de\/"]}]},{"@type":"BreadcrumbList","@id":"https:\/\/rotorbladeextension.com\/de\/#breadcrumb","itemListElement":[{"@type":"ListItem","position":1,"name":"Home","item":"https:\/\/rotorbladeextension.com\/de\/"},{"@type":"ListItem","position":2,"name":"Rotor Blade Extension AEP Increase"}]},{"@type":"WebSite","@id":"https:\/\/rotorbladeextension.com\/de\/#website","url":"https:\/\/rotorbladeextension.com\/de\/","name":"Rotor Blade Extension","description":"EnergieKontor Rotor Blade Extension","publisher":{"@id":"https:\/\/rotorbladeextension.com\/de\/#organization"},"potentialAction":[{"@type":"SearchAction","target":{"@type":"EntryPoint","urlTemplate":"https:\/\/rotorbladeextension.com\/de\/?s={search_term_string}"},"query-input":"required name=search_term_string"}],"inLanguage":"de"},{"@type":"Organization","@id":"https:\/\/rotorbladeextension.com\/de\/#organization","name":"Rotor Blade Extension","url":"https:\/\/rotorbladeextension.com\/de\/","logo":{"@type":"ImageObject","inLanguage":"de","@id":"https:\/\/rotorbladeextension.com\/de\/#\/schema\/logo\/image\/","url":"https:\/\/rotorbladeextension.com\/wp-content\/uploads\/2020\/11\/RBE_EnergieKontor.png","contentUrl":"https:\/\/rotorbladeextension.com\/wp-content\/uploads\/2020\/11\/RBE_EnergieKontor.png","width":1343,"height":639,"caption":"Rotor Blade Extension"},"image":{"@id":"https:\/\/rotorbladeextension.com\/de\/#\/schema\/logo\/image\/"}}]}},"_links":{"self":[{"href":"https:\/\/rotorbladeextension.com\/de\/wp-json\/wp\/v2\/pages\/5511"}],"collection":[{"href":"https:\/\/rotorbladeextension.com\/de\/wp-json\/wp\/v2\/pages"}],"about":[{"href":"https:\/\/rotorbladeextension.com\/de\/wp-json\/wp\/v2\/types\/page"}],"author":[{"embeddable":true,"href":"https:\/\/rotorbladeextension.com\/de\/wp-json\/wp\/v2\/users\/1"}],"replies":[{"embeddable":true,"href":"https:\/\/rotorbladeextension.com\/de\/wp-json\/wp\/v2\/comments?post=5511"}],"version-history":[{"count":13,"href":"https:\/\/rotorbladeextension.com\/de\/wp-json\/wp\/v2\/pages\/5511\/revisions"}],"predecessor-version":[{"id":8877,"href":"https:\/\/rotorbladeextension.com\/de\/wp-json\/wp\/v2\/pages\/5511\/revisions\/8877"}],"wp:attachment":[{"href":"https:\/\/rotorbladeextension.com\/de\/wp-json\/wp\/v2\/media?parent=5511"}],"curies":[{"name":"wp","href":"https:\/\/api.w.org\/{rel}","templated":true}]}}